{"id":9284,"date":"2026-04-14T17:02:20","date_gmt":"2026-04-14T21:02:20","guid":{"rendered":"https:\/\/evenementbl.com\/produit\/passe-journee-francophone\/"},"modified":"2026-04-14T17:49:18","modified_gmt":"2026-04-14T21:49:18","slug":"passe-journee-francophone","status":"publish","type":"product","link":"https:\/\/evenementbl.com\/en\/produit\/passe-journee-francophone\/","title":{"rendered":"Passe Journ\u00e9e francophone"},"content":{"rendered":"<p>Ce billet donne acc\u00e8s \u00e0 une journ\u00e9e compl\u00e8te de sessions offertes en fran\u00e7ais, incluant des pr\u00e9sentations, des discussions et des opportunit\u00e9s d\u2019\u00e9change avec des pairs (7 octobre). Participez \u00e0 des conversations pertinentes, partagez vos r\u00e9alit\u00e9s et repartez avec des id\u00e9es concr\u00e8tes adapt\u00e9es \u00e0 votre contexte. Ce billet donne acc\u00e8s uniquement \u00e0 la journ\u00e9e francophone et n\u2019inclut pas l\u2019acc\u00e8s aux formations ni aux autres journ\u00e9es de la conf\u00e9rence.<\/p>\n","protected":false},"excerpt":{"rendered":"<p>Acc\u00e8s \u00e0 la journ\u00e9e francophone, incluant des sessions offertes en fran\u00e7ais sur une journ\u00e9e.<\/p>\n","protected":false},"author":1017,"featured_media":9288,"comment_status":"open","ping_status":"closed","template":"","meta":[],"product_brand":[],"product_cat":[15,280,212,200],"product_tag":[],"class_list":{"0":"post-9284","1":"product","2":"type-product","3":"status-publish","4":"has-post-thumbnail","6":"product_cat-evenement","7":"product_cat-formulaire-francophone","8":"product_cat-max-130-places","9":"product_cat-payfacto-infosilem","11":"entry","12":"has-media","14":"first","15":"instock","16":"sale","17":"virtual","18":"taxable","19":"purchasable","20":"product-type-event_ticket","21":"has-product-nav","22":"col","23":"span_1_of_3","24":"owp-content-center","25":"owp-thumbs-layout-horizontal","26":"owp-btn-normal","27":"owp-tabs-layout-horizontal","28":"has-no-thumbnails","29":"circle-sale"},"yoast_head":"<!-- This site is optimized with the Yoast SEO plugin v24.9 - https:\/\/yoast.com\/wordpress\/plugins\/seo\/ -->\n<title>Passe Journ\u00e9e francophone - &Eacute;v&eacute;nements Berger-Levrault<\/title>\n<meta name=\"robots\" content=\"index, follow, max-snippet:-1, max-image-preview:large, max-video-preview:-1\" \/>\n<link rel=\"canonical\" href=\"https:\/\/evenementbl.com\/produit\/passe-journee-francophone\/\" \/>\n<meta property=\"og:locale\" content=\"en_US\" \/>\n<meta property=\"og:type\" content=\"article\" \/>\n<meta property=\"og:title\" content=\"Passe Journ\u00e9e francophone - &Eacute;v&eacute;nements Berger-Levrault\" \/>\n<meta property=\"og:description\" content=\"Acc\u00e8s \u00e0 la journ\u00e9e francophone, incluant des sessions offertes en fran\u00e7ais sur une journ\u00e9e.\" \/>\n<meta property=\"og:url\" content=\"https:\/\/evenementbl.com\/produit\/passe-journee-francophone\/\" \/>\n<meta property=\"og:site_name\" content=\"&Eacute;v&eacute;nements Berger-Levrault\" \/>\n<meta property=\"article:modified_time\" content=\"2026-04-14T21:49:18+00:00\" \/>\n<meta property=\"og:image\" content=\"https:\/\/evenementbl.com\/wp-content\/uploads\/2026\/04\/LTS-2026-Website-Miniature1.png\" \/>\n\t<meta property=\"og:image:width\" content=\"200\" \/>\n\t<meta property=\"og:image:height\" content=\"200\" \/>\n\t<meta property=\"og:image:type\" content=\"image\/png\" \/>\n<meta name=\"twitter:card\" content=\"summary_large_image\" \/>\n<meta name=\"twitter:label1\" content=\"Est. reading time\" \/>\n\t<meta name=\"twitter:data1\" content=\"1 minute\" \/>\n<script type=\"application\/ld+json\" class=\"yoast-schema-graph\">{\"@context\":\"https:\/\/schema.org\",\"@graph\":[{\"@type\":\"WebPage\",\"@id\":\"https:\/\/evenementbl.com\/produit\/passe-journee-francophone\/\",\"url\":\"https:\/\/evenementbl.com\/produit\/passe-journee-francophone\/\",\"name\":\"Passe Journ\u00e9e francophone - &Eacute;v&eacute;nements Berger-Levrault\",\"isPartOf\":{\"@id\":\"https:\/\/evenementbl.com\/#website\"},\"primaryImageOfPage\":{\"@id\":\"https:\/\/evenementbl.com\/produit\/passe-journee-francophone\/#primaryimage\"},\"image\":{\"@id\":\"https:\/\/evenementbl.com\/produit\/passe-journee-francophone\/#primaryimage\"},\"thumbnailUrl\":\"https:\/\/evenementbl.com\/wp-content\/uploads\/2026\/04\/LTS-2026-Website-Miniature1.png\",\"datePublished\":\"2026-04-14T21:02:20+00:00\",\"dateModified\":\"2026-04-14T21:49:18+00:00\",\"breadcrumb\":{\"@id\":\"https:\/\/evenementbl.com\/produit\/passe-journee-francophone\/#breadcrumb\"},\"inLanguage\":\"en-US\",\"potentialAction\":[{\"@type\":\"ReadAction\",\"target\":[\"https:\/\/evenementbl.com\/produit\/passe-journee-francophone\/\"]}]},{\"@type\":\"ImageObject\",\"inLanguage\":\"en-US\",\"@id\":\"https:\/\/evenementbl.com\/produit\/passe-journee-francophone\/#primaryimage\",\"url\":\"https:\/\/evenementbl.com\/wp-content\/uploads\/2026\/04\/LTS-2026-Website-Miniature1.png\",\"contentUrl\":\"https:\/\/evenementbl.com\/wp-content\/uploads\/2026\/04\/LTS-2026-Website-Miniature1.png\",\"width\":200,\"height\":200},{\"@type\":\"BreadcrumbList\",\"@id\":\"https:\/\/evenementbl.com\/produit\/passe-journee-francophone\/#breadcrumb\",\"itemListElement\":[{\"@type\":\"ListItem\",\"position\":1,\"name\":\"Accueil\",\"item\":\"https:\/\/evenementbl.com\/en\/\"},{\"@type\":\"ListItem\",\"position\":2,\"name\":\"Boutique\",\"item\":\"https:\/\/evenementbl.com\/boutique\/\"},{\"@type\":\"ListItem\",\"position\":3,\"name\":\"Passe Journ\u00e9e francophone\"}]},{\"@type\":\"WebSite\",\"@id\":\"https:\/\/evenementbl.com\/#website\",\"url\":\"https:\/\/evenementbl.com\/\",\"name\":\"&Eacute;v&eacute;nements Berger-Levrault\",\"description\":\"&Eacute;v&eacute;nements Berger-Levrault\",\"publisher\":{\"@id\":\"https:\/\/evenementbl.com\/#organization\"},\"potentialAction\":[{\"@type\":\"SearchAction\",\"target\":{\"@type\":\"EntryPoint\",\"urlTemplate\":\"https:\/\/evenementbl.com\/?s={search_term_string}\"},\"query-input\":{\"@type\":\"PropertyValueSpecification\",\"valueRequired\":true,\"valueName\":\"search_term_string\"}}],\"inLanguage\":\"en-US\"},{\"@type\":\"Organization\",\"@id\":\"https:\/\/evenementbl.com\/#organization\",\"name\":\"&Eacute;v&eacute;nements Berger-Levrault\",\"url\":\"https:\/\/evenementbl.com\/\",\"logo\":{\"@type\":\"ImageObject\",\"inLanguage\":\"en-US\",\"@id\":\"https:\/\/evenementbl.com\/#\/schema\/logo\/image\/\",\"url\":\"https:\/\/evenementbl.com\/wp-content\/uploads\/2020\/01\/BL_logo.png\",\"contentUrl\":\"https:\/\/evenementbl.com\/wp-content\/uploads\/2020\/01\/BL_logo.png\",\"width\":152,\"height\":51,\"caption\":\"&Eacute;v&eacute;nements Berger-Levrault\"},\"image\":{\"@id\":\"https:\/\/evenementbl.com\/#\/schema\/logo\/image\/\"}}]}<\/script>\n<!-- \/ Yoast SEO plugin. -->","yoast_head_json":{"title":"Passe Journ\u00e9e francophone - &Eacute;v&eacute;nements Berger-Levrault","robots":{"index":"index","follow":"follow","max-snippet":"max-snippet:-1","max-image-preview":"max-image-preview:large","max-video-preview":"max-video-preview:-1"},"canonical":"https:\/\/evenementbl.com\/produit\/passe-journee-francophone\/","og_locale":"en_US","og_type":"article","og_title":"Passe Journ\u00e9e francophone - &Eacute;v&eacute;nements Berger-Levrault","og_description":"Acc\u00e8s \u00e0 la journ\u00e9e francophone, incluant des sessions offertes en fran\u00e7ais sur une journ\u00e9e.","og_url":"https:\/\/evenementbl.com\/produit\/passe-journee-francophone\/","og_site_name":"&Eacute;v&eacute;nements Berger-Levrault","article_modified_time":"2026-04-14T21:49:18+00:00","og_image":[{"width":200,"height":200,"url":"https:\/\/evenementbl.com\/wp-content\/uploads\/2026\/04\/LTS-2026-Website-Miniature1.png","type":"image\/png"}],"twitter_card":"summary_large_image","twitter_misc":{"Est. reading time":"1 minute"},"schema":{"@context":"https:\/\/schema.org","@graph":[{"@type":"WebPage","@id":"https:\/\/evenementbl.com\/produit\/passe-journee-francophone\/","url":"https:\/\/evenementbl.com\/produit\/passe-journee-francophone\/","name":"Passe Journ\u00e9e francophone - &Eacute;v&eacute;nements Berger-Levrault","isPartOf":{"@id":"https:\/\/evenementbl.com\/#website"},"primaryImageOfPage":{"@id":"https:\/\/evenementbl.com\/produit\/passe-journee-francophone\/#primaryimage"},"image":{"@id":"https:\/\/evenementbl.com\/produit\/passe-journee-francophone\/#primaryimage"},"thumbnailUrl":"https:\/\/evenementbl.com\/wp-content\/uploads\/2026\/04\/LTS-2026-Website-Miniature1.png","datePublished":"2026-04-14T21:02:20+00:00","dateModified":"2026-04-14T21:49:18+00:00","breadcrumb":{"@id":"https:\/\/evenementbl.com\/produit\/passe-journee-francophone\/#breadcrumb"},"inLanguage":"en-US","potentialAction":[{"@type":"ReadAction","target":["https:\/\/evenementbl.com\/produit\/passe-journee-francophone\/"]}]},{"@type":"ImageObject","inLanguage":"en-US","@id":"https:\/\/evenementbl.com\/produit\/passe-journee-francophone\/#primaryimage","url":"https:\/\/evenementbl.com\/wp-content\/uploads\/2026\/04\/LTS-2026-Website-Miniature1.png","contentUrl":"https:\/\/evenementbl.com\/wp-content\/uploads\/2026\/04\/LTS-2026-Website-Miniature1.png","width":200,"height":200},{"@type":"BreadcrumbList","@id":"https:\/\/evenementbl.com\/produit\/passe-journee-francophone\/#breadcrumb","itemListElement":[{"@type":"ListItem","position":1,"name":"Accueil","item":"https:\/\/evenementbl.com\/en\/"},{"@type":"ListItem","position":2,"name":"Boutique","item":"https:\/\/evenementbl.com\/boutique\/"},{"@type":"ListItem","position":3,"name":"Passe Journ\u00e9e francophone"}]},{"@type":"WebSite","@id":"https:\/\/evenementbl.com\/#website","url":"https:\/\/evenementbl.com\/","name":"&Eacute;v&eacute;nements Berger-Levrault","description":"&Eacute;v&eacute;nements Berger-Levrault","publisher":{"@id":"https:\/\/evenementbl.com\/#organization"},"potentialAction":[{"@type":"SearchAction","target":{"@type":"EntryPoint","urlTemplate":"https:\/\/evenementbl.com\/?s={search_term_string}"},"query-input":{"@type":"PropertyValueSpecification","valueRequired":true,"valueName":"search_term_string"}}],"inLanguage":"en-US"},{"@type":"Organization","@id":"https:\/\/evenementbl.com\/#organization","name":"&Eacute;v&eacute;nements Berger-Levrault","url":"https:\/\/evenementbl.com\/","logo":{"@type":"ImageObject","inLanguage":"en-US","@id":"https:\/\/evenementbl.com\/#\/schema\/logo\/image\/","url":"https:\/\/evenementbl.com\/wp-content\/uploads\/2020\/01\/BL_logo.png","contentUrl":"https:\/\/evenementbl.com\/wp-content\/uploads\/2020\/01\/BL_logo.png","width":152,"height":51,"caption":"&Eacute;v&eacute;nements Berger-Levrault"},"image":{"@id":"https:\/\/evenementbl.com\/#\/schema\/logo\/image\/"}}]}},"_links":{"self":[{"href":"https:\/\/evenementbl.com\/en\/wp-json\/wp\/v2\/product\/9284","targetHints":{"allow":["GET"]}}],"collection":[{"href":"https:\/\/evenementbl.com\/en\/wp-json\/wp\/v2\/product"}],"about":[{"href":"https:\/\/evenementbl.com\/en\/wp-json\/wp\/v2\/types\/product"}],"author":[{"embeddable":true,"href":"https:\/\/evenementbl.com\/en\/wp-json\/wp\/v2\/users\/1017"}],"replies":[{"embeddable":true,"href":"https:\/\/evenementbl.com\/en\/wp-json\/wp\/v2\/comments?post=9284"}],"wp:featuredmedia":[{"embeddable":true,"href":"https:\/\/evenementbl.com\/en\/wp-json\/wp\/v2\/media\/9288"}],"wp:attachment":[{"href":"https:\/\/evenementbl.com\/en\/wp-json\/wp\/v2\/media?parent=9284"}],"wp:term":[{"taxonomy":"product_brand","embeddable":true,"href":"https:\/\/evenementbl.com\/en\/wp-json\/wp\/v2\/product_brand?post=9284"},{"taxonomy":"product_cat","embeddable":true,"href":"https:\/\/evenementbl.com\/en\/wp-json\/wp\/v2\/product_cat?post=9284"},{"taxonomy":"product_tag","embeddable":true,"href":"https:\/\/evenementbl.com\/en\/wp-json\/wp\/v2\/product_tag?post=9284"}],"curies":[{"name":"wp","href":"https:\/\/api.w.org\/{rel}","templated":true}]}}