{"id":9283,"date":"2026-04-14T16:59:56","date_gmt":"2026-04-14T20:59:56","guid":{"rendered":"https:\/\/evenementbl.com\/produit\/passe-formation\/"},"modified":"2026-04-14T17:43:43","modified_gmt":"2026-04-14T21:43:43","slug":"passe-formation","status":"publish","type":"product","link":"https:\/\/evenementbl.com\/en\/produit\/passe-formation\/","title":{"rendered":"Passe Formation"},"content":{"rendered":"<p>Ce billet donne acc\u00e8s aux sessions de formation pr\u00e9-conf\u00e9rence, con\u00e7ues pour approfondir vos connaissances dans un format plus cibl\u00e9 et interactif (6 octobre). Id\u00e9al pour renforcer votre expertise et acqu\u00e9rir des comp\u00e9tences directement applicables. Ce billet ne donne pas acc\u00e8s aux sessions de la conf\u00e9rence ni aux autres activit\u00e9s associ\u00e9es.<\/p>\n","protected":false},"excerpt":{"rendered":"<p>Acc\u00e8s aux s\u00e9ances de formation uniquement.<\/p>\n","protected":false},"author":1017,"featured_media":9288,"comment_status":"open","ping_status":"closed","template":"","meta":[],"product_brand":[],"product_cat":[15,278,212,200],"product_tag":[],"class_list":{"0":"post-9283","1":"product","2":"type-product","3":"status-publish","4":"has-post-thumbnail","6":"product_cat-evenement","7":"product_cat-formulaire-formation","8":"product_cat-max-130-places","9":"product_cat-payfacto-infosilem","11":"entry","12":"has-media","14":"first","15":"instock","16":"sale","17":"virtual","18":"taxable","19":"purchasable","20":"product-type-event_ticket","21":"has-product-nav","22":"col","23":"span_1_of_3","24":"owp-content-center","25":"owp-thumbs-layout-horizontal","26":"owp-btn-normal","27":"owp-tabs-layout-horizontal","28":"has-no-thumbnails","29":"circle-sale"},"yoast_head":"<!-- This site is optimized with the Yoast SEO plugin v24.9 - https:\/\/yoast.com\/wordpress\/plugins\/seo\/ -->\n<title>Passe Formation - &Eacute;v&eacute;nements Berger-Levrault<\/title>\n<meta name=\"robots\" content=\"index, follow, max-snippet:-1, max-image-preview:large, max-video-preview:-1\" \/>\n<link rel=\"canonical\" href=\"https:\/\/evenementbl.com\/produit\/passe-formation\/\" \/>\n<meta property=\"og:locale\" content=\"en_US\" \/>\n<meta property=\"og:type\" content=\"article\" \/>\n<meta property=\"og:title\" content=\"Passe Formation - &Eacute;v&eacute;nements Berger-Levrault\" \/>\n<meta property=\"og:description\" content=\"Acc\u00e8s aux s\u00e9ances de formation uniquement.\" \/>\n<meta property=\"og:url\" content=\"https:\/\/evenementbl.com\/produit\/passe-formation\/\" \/>\n<meta property=\"og:site_name\" content=\"&Eacute;v&eacute;nements Berger-Levrault\" \/>\n<meta property=\"article:modified_time\" content=\"2026-04-14T21:43:43+00:00\" \/>\n<meta property=\"og:image\" content=\"https:\/\/evenementbl.com\/wp-content\/uploads\/2026\/04\/LTS-2026-Website-Miniature1.png\" \/>\n\t<meta property=\"og:image:width\" content=\"200\" \/>\n\t<meta property=\"og:image:height\" content=\"200\" \/>\n\t<meta property=\"og:image:type\" content=\"image\/png\" \/>\n<meta name=\"twitter:card\" content=\"summary_large_image\" \/>\n<meta name=\"twitter:label1\" content=\"Est. reading time\" \/>\n\t<meta name=\"twitter:data1\" content=\"1 minute\" \/>\n<script type=\"application\/ld+json\" class=\"yoast-schema-graph\">{\"@context\":\"https:\/\/schema.org\",\"@graph\":[{\"@type\":\"WebPage\",\"@id\":\"https:\/\/evenementbl.com\/produit\/passe-formation\/\",\"url\":\"https:\/\/evenementbl.com\/produit\/passe-formation\/\",\"name\":\"Passe Formation - &Eacute;v&eacute;nements Berger-Levrault\",\"isPartOf\":{\"@id\":\"https:\/\/evenementbl.com\/#website\"},\"primaryImageOfPage\":{\"@id\":\"https:\/\/evenementbl.com\/produit\/passe-formation\/#primaryimage\"},\"image\":{\"@id\":\"https:\/\/evenementbl.com\/produit\/passe-formation\/#primaryimage\"},\"thumbnailUrl\":\"https:\/\/evenementbl.com\/wp-content\/uploads\/2026\/04\/LTS-2026-Website-Miniature1.png\",\"datePublished\":\"2026-04-14T20:59:56+00:00\",\"dateModified\":\"2026-04-14T21:43:43+00:00\",\"breadcrumb\":{\"@id\":\"https:\/\/evenementbl.com\/produit\/passe-formation\/#breadcrumb\"},\"inLanguage\":\"en-US\",\"potentialAction\":[{\"@type\":\"ReadAction\",\"target\":[\"https:\/\/evenementbl.com\/produit\/passe-formation\/\"]}]},{\"@type\":\"ImageObject\",\"inLanguage\":\"en-US\",\"@id\":\"https:\/\/evenementbl.com\/produit\/passe-formation\/#primaryimage\",\"url\":\"https:\/\/evenementbl.com\/wp-content\/uploads\/2026\/04\/LTS-2026-Website-Miniature1.png\",\"contentUrl\":\"https:\/\/evenementbl.com\/wp-content\/uploads\/2026\/04\/LTS-2026-Website-Miniature1.png\",\"width\":200,\"height\":200},{\"@type\":\"BreadcrumbList\",\"@id\":\"https:\/\/evenementbl.com\/produit\/passe-formation\/#breadcrumb\",\"itemListElement\":[{\"@type\":\"ListItem\",\"position\":1,\"name\":\"Accueil\",\"item\":\"https:\/\/evenementbl.com\/en\/\"},{\"@type\":\"ListItem\",\"position\":2,\"name\":\"Boutique\",\"item\":\"https:\/\/evenementbl.com\/boutique\/\"},{\"@type\":\"ListItem\",\"position\":3,\"name\":\"Passe Formation\"}]},{\"@type\":\"WebSite\",\"@id\":\"https:\/\/evenementbl.com\/#website\",\"url\":\"https:\/\/evenementbl.com\/\",\"name\":\"&Eacute;v&eacute;nements Berger-Levrault\",\"description\":\"&Eacute;v&eacute;nements Berger-Levrault\",\"publisher\":{\"@id\":\"https:\/\/evenementbl.com\/#organization\"},\"potentialAction\":[{\"@type\":\"SearchAction\",\"target\":{\"@type\":\"EntryPoint\",\"urlTemplate\":\"https:\/\/evenementbl.com\/?s={search_term_string}\"},\"query-input\":{\"@type\":\"PropertyValueSpecification\",\"valueRequired\":true,\"valueName\":\"search_term_string\"}}],\"inLanguage\":\"en-US\"},{\"@type\":\"Organization\",\"@id\":\"https:\/\/evenementbl.com\/#organization\",\"name\":\"&Eacute;v&eacute;nements Berger-Levrault\",\"url\":\"https:\/\/evenementbl.com\/\",\"logo\":{\"@type\":\"ImageObject\",\"inLanguage\":\"en-US\",\"@id\":\"https:\/\/evenementbl.com\/#\/schema\/logo\/image\/\",\"url\":\"https:\/\/evenementbl.com\/wp-content\/uploads\/2020\/01\/BL_logo.png\",\"contentUrl\":\"https:\/\/evenementbl.com\/wp-content\/uploads\/2020\/01\/BL_logo.png\",\"width\":152,\"height\":51,\"caption\":\"&Eacute;v&eacute;nements Berger-Levrault\"},\"image\":{\"@id\":\"https:\/\/evenementbl.com\/#\/schema\/logo\/image\/\"}}]}<\/script>\n<!-- \/ Yoast SEO plugin. -->","yoast_head_json":{"title":"Passe Formation - &Eacute;v&eacute;nements Berger-Levrault","robots":{"index":"index","follow":"follow","max-snippet":"max-snippet:-1","max-image-preview":"max-image-preview:large","max-video-preview":"max-video-preview:-1"},"canonical":"https:\/\/evenementbl.com\/produit\/passe-formation\/","og_locale":"en_US","og_type":"article","og_title":"Passe Formation - &Eacute;v&eacute;nements Berger-Levrault","og_description":"Acc\u00e8s aux s\u00e9ances de formation uniquement.","og_url":"https:\/\/evenementbl.com\/produit\/passe-formation\/","og_site_name":"&Eacute;v&eacute;nements Berger-Levrault","article_modified_time":"2026-04-14T21:43:43+00:00","og_image":[{"width":200,"height":200,"url":"https:\/\/evenementbl.com\/wp-content\/uploads\/2026\/04\/LTS-2026-Website-Miniature1.png","type":"image\/png"}],"twitter_card":"summary_large_image","twitter_misc":{"Est. reading time":"1 minute"},"schema":{"@context":"https:\/\/schema.org","@graph":[{"@type":"WebPage","@id":"https:\/\/evenementbl.com\/produit\/passe-formation\/","url":"https:\/\/evenementbl.com\/produit\/passe-formation\/","name":"Passe Formation - &Eacute;v&eacute;nements Berger-Levrault","isPartOf":{"@id":"https:\/\/evenementbl.com\/#website"},"primaryImageOfPage":{"@id":"https:\/\/evenementbl.com\/produit\/passe-formation\/#primaryimage"},"image":{"@id":"https:\/\/evenementbl.com\/produit\/passe-formation\/#primaryimage"},"thumbnailUrl":"https:\/\/evenementbl.com\/wp-content\/uploads\/2026\/04\/LTS-2026-Website-Miniature1.png","datePublished":"2026-04-14T20:59:56+00:00","dateModified":"2026-04-14T21:43:43+00:00","breadcrumb":{"@id":"https:\/\/evenementbl.com\/produit\/passe-formation\/#breadcrumb"},"inLanguage":"en-US","potentialAction":[{"@type":"ReadAction","target":["https:\/\/evenementbl.com\/produit\/passe-formation\/"]}]},{"@type":"ImageObject","inLanguage":"en-US","@id":"https:\/\/evenementbl.com\/produit\/passe-formation\/#primaryimage","url":"https:\/\/evenementbl.com\/wp-content\/uploads\/2026\/04\/LTS-2026-Website-Miniature1.png","contentUrl":"https:\/\/evenementbl.com\/wp-content\/uploads\/2026\/04\/LTS-2026-Website-Miniature1.png","width":200,"height":200},{"@type":"BreadcrumbList","@id":"https:\/\/evenementbl.com\/produit\/passe-formation\/#breadcrumb","itemListElement":[{"@type":"ListItem","position":1,"name":"Accueil","item":"https:\/\/evenementbl.com\/en\/"},{"@type":"ListItem","position":2,"name":"Boutique","item":"https:\/\/evenementbl.com\/boutique\/"},{"@type":"ListItem","position":3,"name":"Passe Formation"}]},{"@type":"WebSite","@id":"https:\/\/evenementbl.com\/#website","url":"https:\/\/evenementbl.com\/","name":"&Eacute;v&eacute;nements Berger-Levrault","description":"&Eacute;v&eacute;nements Berger-Levrault","publisher":{"@id":"https:\/\/evenementbl.com\/#organization"},"potentialAction":[{"@type":"SearchAction","target":{"@type":"EntryPoint","urlTemplate":"https:\/\/evenementbl.com\/?s={search_term_string}"},"query-input":{"@type":"PropertyValueSpecification","valueRequired":true,"valueName":"search_term_string"}}],"inLanguage":"en-US"},{"@type":"Organization","@id":"https:\/\/evenementbl.com\/#organization","name":"&Eacute;v&eacute;nements Berger-Levrault","url":"https:\/\/evenementbl.com\/","logo":{"@type":"ImageObject","inLanguage":"en-US","@id":"https:\/\/evenementbl.com\/#\/schema\/logo\/image\/","url":"https:\/\/evenementbl.com\/wp-content\/uploads\/2020\/01\/BL_logo.png","contentUrl":"https:\/\/evenementbl.com\/wp-content\/uploads\/2020\/01\/BL_logo.png","width":152,"height":51,"caption":"&Eacute;v&eacute;nements Berger-Levrault"},"image":{"@id":"https:\/\/evenementbl.com\/#\/schema\/logo\/image\/"}}]}},"_links":{"self":[{"href":"https:\/\/evenementbl.com\/en\/wp-json\/wp\/v2\/product\/9283","targetHints":{"allow":["GET"]}}],"collection":[{"href":"https:\/\/evenementbl.com\/en\/wp-json\/wp\/v2\/product"}],"about":[{"href":"https:\/\/evenementbl.com\/en\/wp-json\/wp\/v2\/types\/product"}],"author":[{"embeddable":true,"href":"https:\/\/evenementbl.com\/en\/wp-json\/wp\/v2\/users\/1017"}],"replies":[{"embeddable":true,"href":"https:\/\/evenementbl.com\/en\/wp-json\/wp\/v2\/comments?post=9283"}],"wp:featuredmedia":[{"embeddable":true,"href":"https:\/\/evenementbl.com\/en\/wp-json\/wp\/v2\/media\/9288"}],"wp:attachment":[{"href":"https:\/\/evenementbl.com\/en\/wp-json\/wp\/v2\/media?parent=9283"}],"wp:term":[{"taxonomy":"product_brand","embeddable":true,"href":"https:\/\/evenementbl.com\/en\/wp-json\/wp\/v2\/product_brand?post=9283"},{"taxonomy":"product_cat","embeddable":true,"href":"https:\/\/evenementbl.com\/en\/wp-json\/wp\/v2\/product_cat?post=9283"},{"taxonomy":"product_tag","embeddable":true,"href":"https:\/\/evenementbl.com\/en\/wp-json\/wp\/v2\/product_tag?post=9283"}],"curies":[{"name":"wp","href":"https:\/\/api.w.org\/{rel}","templated":true}]}}