{"id":9282,"date":"2026-04-14T16:57:53","date_gmt":"2026-04-14T20:57:53","guid":{"rendered":"https:\/\/evenementbl.com\/produit\/passe-conference\/"},"modified":"2026-04-28T11:13:50","modified_gmt":"2026-04-28T15:13:50","slug":"passe-conference","status":"publish","type":"product","link":"https:\/\/evenementbl.com\/en\/produit\/passe-conference\/","title":{"rendered":"Passe conf\u00e9rence"},"content":{"rendered":"<p>Ce billet inclut l\u2019acc\u00e8s \u00e0 toutes les sessions de la conf\u00e9rence, incluant les pr\u00e9sentations, les ateliers interactifs et les activit\u00e9s de r\u00e9seautage (7 au 9 octobre). Explorez de nouvelles approches, inspirez-vous de cas concrets et \u00e9changez avec vos pairs de la communaut\u00e9.<\/p>\n","protected":false},"excerpt":{"rendered":"<p>Acc\u00e8s \u00e0 la conf\u00e9rence Parlons Horaires.<\/p>\n","protected":false},"author":1017,"featured_media":9288,"comment_status":"open","ping_status":"closed","template":"","meta":[],"product_brand":[],"product_cat":[15,277,212,200],"product_tag":[],"class_list":{"0":"post-9282","1":"product","2":"type-product","3":"status-publish","4":"has-post-thumbnail","6":"product_cat-evenement","7":"product_cat-formulaire-conference","8":"product_cat-max-130-places","9":"product_cat-payfacto-infosilem","11":"entry","12":"has-media","14":"first","15":"instock","16":"sale","17":"virtual","18":"taxable","19":"purchasable","20":"product-type-event_ticket","21":"has-product-nav","22":"col","23":"span_1_of_3","24":"owp-content-center","25":"owp-thumbs-layout-horizontal","26":"owp-btn-normal","27":"owp-tabs-layout-horizontal","28":"has-no-thumbnails","29":"circle-sale"},"_links":{"self":[{"href":"https:\/\/evenementbl.com\/en\/wp-json\/wp\/v2\/product\/9282","targetHints":{"allow":["GET"]}}],"collection":[{"href":"https:\/\/evenementbl.com\/en\/wp-json\/wp\/v2\/product"}],"about":[{"href":"https:\/\/evenementbl.com\/en\/wp-json\/wp\/v2\/types\/product"}],"author":[{"embeddable":true,"href":"https:\/\/evenementbl.com\/en\/wp-json\/wp\/v2\/users\/1017"}],"replies":[{"embeddable":true,"href":"https:\/\/evenementbl.com\/en\/wp-json\/wp\/v2\/comments?post=9282"}],"wp:featuredmedia":[{"embeddable":true,"href":"https:\/\/evenementbl.com\/en\/wp-json\/wp\/v2\/media\/9288"}],"wp:attachment":[{"href":"https:\/\/evenementbl.com\/en\/wp-json\/wp\/v2\/media?parent=9282"}],"wp:term":[{"taxonomy":"product_brand","embeddable":true,"href":"https:\/\/evenementbl.com\/en\/wp-json\/wp\/v2\/product_brand?post=9282"},{"taxonomy":"product_cat","embeddable":true,"href":"https:\/\/evenementbl.com\/en\/wp-json\/wp\/v2\/product_cat?post=9282"},{"taxonomy":"product_tag","embeddable":true,"href":"https:\/\/evenementbl.com\/en\/wp-json\/wp\/v2\/product_tag?post=9282"}],"curies":[{"name":"wp","href":"https:\/\/api.w.org\/{rel}","templated":true}]}}