{"id":8808,"date":"2025-03-03T14:27:48","date_gmt":"2025-03-03T19:27:48","guid":{"rendered":"https:\/\/evenementbl.com\/produit\/forfait-conference-formation\/"},"modified":"2025-08-22T00:00:03","modified_gmt":"2025-08-22T04:00:03","slug":"forfait-conference-formation","status":"publish","type":"product","link":"https:\/\/evenementbl.com\/en\/produit\/forfait-conference-formation\/","title":{"rendered":"Forfait conf\u00e9rence + formation"},"content":{"rendered":"<p>Profitez de l\u2019exp\u00e9rience compl\u00e8te avec un acc\u00e8s aux sessions de formation du 30 septembre 2025 ainsi qu\u2019\u00e0 toutes les sessions de la conf\u00e9rence du 1er au 3 octobre 2025.<\/p>\n","protected":false},"excerpt":{"rendered":"<p>Profitez de l&rsquo;exp&eacute;rience compl&egrave;te avec un acc&egrave;s aux sessions de formation du 30 septembre 2025 ainsi qu&rsquo;&agrave; toutes les sessions de la conf&eacute;rence du 1er au 3 octobre 2025.<\/p>\n","protected":false},"author":1017,"featured_media":8777,"comment_status":"open","ping_status":"closed","template":"","meta":[],"product_brand":[],"product_cat":[279,212,200],"product_tag":[],"class_list":{"0":"post-8808","1":"product","2":"type-product","3":"status-publish","4":"has-post-thumbnail","6":"product_cat-formulaire-conference-formation","7":"product_cat-max-130-places","8":"product_cat-payfacto-infosilem","10":"entry","11":"has-media","13":"first","14":"instock","15":"virtual","16":"taxable","17":"purchasable","18":"product-type-event_ticket","19":"has-product-nav","20":"col","21":"span_1_of_3","22":"owp-content-center","23":"owp-thumbs-layout-horizontal","24":"owp-btn-normal","25":"owp-tabs-layout-horizontal","26":"has-no-thumbnails","27":"circle-sale"},"yoast_head":"<!-- This site is optimized with the Yoast SEO plugin v24.9 - https:\/\/yoast.com\/wordpress\/plugins\/seo\/ -->\n<title>Forfait conf\u00e9rence + formation - &Eacute;v&eacute;nements Berger-Levrault<\/title>\n<meta name=\"robots\" content=\"index, follow, max-snippet:-1, max-image-preview:large, max-video-preview:-1\" \/>\n<link rel=\"canonical\" href=\"https:\/\/evenementbl.com\/produit\/forfait-conference-formation\/\" \/>\n<meta property=\"og:locale\" content=\"en_US\" \/>\n<meta property=\"og:type\" content=\"article\" \/>\n<meta property=\"og:title\" content=\"Forfait conf\u00e9rence + formation - &Eacute;v&eacute;nements Berger-Levrault\" \/>\n<meta property=\"og:description\" content=\"Profitez de l&rsquo;exp&eacute;rience compl&egrave;te avec un acc&egrave;s aux sessions de formation du 30 septembre 2025 ainsi qu&rsquo;&agrave; toutes les sessions de la conf&eacute;rence du 1er au 3 octobre 2025.\" \/>\n<meta property=\"og:url\" content=\"https:\/\/evenementbl.com\/produit\/forfait-conference-formation\/\" \/>\n<meta property=\"og:site_name\" content=\"&Eacute;v&eacute;nements Berger-Levrault\" \/>\n<meta property=\"article:modified_time\" content=\"2025-08-22T04:00:03+00:00\" \/>\n<meta property=\"og:image\" content=\"https:\/\/evenementbl.com\/wp-content\/uploads\/2025\/02\/Lets-Talk-Scheduling-2025-6.png\" \/>\n\t<meta property=\"og:image:width\" content=\"200\" \/>\n\t<meta property=\"og:image:height\" content=\"200\" \/>\n\t<meta property=\"og:image:type\" content=\"image\/png\" \/>\n<meta name=\"twitter:card\" content=\"summary_large_image\" \/>\n<meta name=\"twitter:label1\" content=\"Est. reading time\" \/>\n\t<meta name=\"twitter:data1\" content=\"1 minute\" \/>\n<script type=\"application\/ld+json\" class=\"yoast-schema-graph\">{\"@context\":\"https:\/\/schema.org\",\"@graph\":[{\"@type\":\"WebPage\",\"@id\":\"https:\/\/evenementbl.com\/produit\/forfait-conference-formation\/\",\"url\":\"https:\/\/evenementbl.com\/produit\/forfait-conference-formation\/\",\"name\":\"Forfait conf\u00e9rence + formation - &Eacute;v&eacute;nements Berger-Levrault\",\"isPartOf\":{\"@id\":\"https:\/\/evenementbl.com\/#website\"},\"primaryImageOfPage\":{\"@id\":\"https:\/\/evenementbl.com\/produit\/forfait-conference-formation\/#primaryimage\"},\"image\":{\"@id\":\"https:\/\/evenementbl.com\/produit\/forfait-conference-formation\/#primaryimage\"},\"thumbnailUrl\":\"https:\/\/evenementbl.com\/wp-content\/uploads\/2025\/02\/Lets-Talk-Scheduling-2025-6.png\",\"datePublished\":\"2025-03-03T19:27:48+00:00\",\"dateModified\":\"2025-08-22T04:00:03+00:00\",\"breadcrumb\":{\"@id\":\"https:\/\/evenementbl.com\/produit\/forfait-conference-formation\/#breadcrumb\"},\"inLanguage\":\"en-US\",\"potentialAction\":[{\"@type\":\"ReadAction\",\"target\":[\"https:\/\/evenementbl.com\/produit\/forfait-conference-formation\/\"]}]},{\"@type\":\"ImageObject\",\"inLanguage\":\"en-US\",\"@id\":\"https:\/\/evenementbl.com\/produit\/forfait-conference-formation\/#primaryimage\",\"url\":\"https:\/\/evenementbl.com\/wp-content\/uploads\/2025\/02\/Lets-Talk-Scheduling-2025-6.png\",\"contentUrl\":\"https:\/\/evenementbl.com\/wp-content\/uploads\/2025\/02\/Lets-Talk-Scheduling-2025-6.png\",\"width\":200,\"height\":200},{\"@type\":\"BreadcrumbList\",\"@id\":\"https:\/\/evenementbl.com\/produit\/forfait-conference-formation\/#breadcrumb\",\"itemListElement\":[{\"@type\":\"ListItem\",\"position\":1,\"name\":\"Accueil\",\"item\":\"https:\/\/evenementbl.com\/en\/\"},{\"@type\":\"ListItem\",\"position\":2,\"name\":\"Boutique\",\"item\":\"https:\/\/evenementbl.com\/boutique\/\"},{\"@type\":\"ListItem\",\"position\":3,\"name\":\"Forfait conf\u00e9rence + formation\"}]},{\"@type\":\"WebSite\",\"@id\":\"https:\/\/evenementbl.com\/#website\",\"url\":\"https:\/\/evenementbl.com\/\",\"name\":\"&Eacute;v&eacute;nements Berger-Levrault\",\"description\":\"&Eacute;v&eacute;nements Berger-Levrault\",\"publisher\":{\"@id\":\"https:\/\/evenementbl.com\/#organization\"},\"potentialAction\":[{\"@type\":\"SearchAction\",\"target\":{\"@type\":\"EntryPoint\",\"urlTemplate\":\"https:\/\/evenementbl.com\/?s={search_term_string}\"},\"query-input\":{\"@type\":\"PropertyValueSpecification\",\"valueRequired\":true,\"valueName\":\"search_term_string\"}}],\"inLanguage\":\"en-US\"},{\"@type\":\"Organization\",\"@id\":\"https:\/\/evenementbl.com\/#organization\",\"name\":\"&Eacute;v&eacute;nements Berger-Levrault\",\"url\":\"https:\/\/evenementbl.com\/\",\"logo\":{\"@type\":\"ImageObject\",\"inLanguage\":\"en-US\",\"@id\":\"https:\/\/evenementbl.com\/#\/schema\/logo\/image\/\",\"url\":\"https:\/\/evenementbl.com\/wp-content\/uploads\/2020\/01\/BL_logo.png\",\"contentUrl\":\"https:\/\/evenementbl.com\/wp-content\/uploads\/2020\/01\/BL_logo.png\",\"width\":152,\"height\":51,\"caption\":\"&Eacute;v&eacute;nements Berger-Levrault\"},\"image\":{\"@id\":\"https:\/\/evenementbl.com\/#\/schema\/logo\/image\/\"}}]}<\/script>\n<!-- \/ Yoast SEO plugin. -->","yoast_head_json":{"title":"Forfait conf\u00e9rence + formation - &Eacute;v&eacute;nements Berger-Levrault","robots":{"index":"index","follow":"follow","max-snippet":"max-snippet:-1","max-image-preview":"max-image-preview:large","max-video-preview":"max-video-preview:-1"},"canonical":"https:\/\/evenementbl.com\/produit\/forfait-conference-formation\/","og_locale":"en_US","og_type":"article","og_title":"Forfait conf\u00e9rence + formation - &Eacute;v&eacute;nements Berger-Levrault","og_description":"Profitez de l&rsquo;exp&eacute;rience compl&egrave;te avec un acc&egrave;s aux sessions de formation du 30 septembre 2025 ainsi qu&rsquo;&agrave; toutes les sessions de la conf&eacute;rence du 1er au 3 octobre 2025.","og_url":"https:\/\/evenementbl.com\/produit\/forfait-conference-formation\/","og_site_name":"&Eacute;v&eacute;nements Berger-Levrault","article_modified_time":"2025-08-22T04:00:03+00:00","og_image":[{"width":200,"height":200,"url":"https:\/\/evenementbl.com\/wp-content\/uploads\/2025\/02\/Lets-Talk-Scheduling-2025-6.png","type":"image\/png"}],"twitter_card":"summary_large_image","twitter_misc":{"Est. reading time":"1 minute"},"schema":{"@context":"https:\/\/schema.org","@graph":[{"@type":"WebPage","@id":"https:\/\/evenementbl.com\/produit\/forfait-conference-formation\/","url":"https:\/\/evenementbl.com\/produit\/forfait-conference-formation\/","name":"Forfait conf\u00e9rence + formation - &Eacute;v&eacute;nements Berger-Levrault","isPartOf":{"@id":"https:\/\/evenementbl.com\/#website"},"primaryImageOfPage":{"@id":"https:\/\/evenementbl.com\/produit\/forfait-conference-formation\/#primaryimage"},"image":{"@id":"https:\/\/evenementbl.com\/produit\/forfait-conference-formation\/#primaryimage"},"thumbnailUrl":"https:\/\/evenementbl.com\/wp-content\/uploads\/2025\/02\/Lets-Talk-Scheduling-2025-6.png","datePublished":"2025-03-03T19:27:48+00:00","dateModified":"2025-08-22T04:00:03+00:00","breadcrumb":{"@id":"https:\/\/evenementbl.com\/produit\/forfait-conference-formation\/#breadcrumb"},"inLanguage":"en-US","potentialAction":[{"@type":"ReadAction","target":["https:\/\/evenementbl.com\/produit\/forfait-conference-formation\/"]}]},{"@type":"ImageObject","inLanguage":"en-US","@id":"https:\/\/evenementbl.com\/produit\/forfait-conference-formation\/#primaryimage","url":"https:\/\/evenementbl.com\/wp-content\/uploads\/2025\/02\/Lets-Talk-Scheduling-2025-6.png","contentUrl":"https:\/\/evenementbl.com\/wp-content\/uploads\/2025\/02\/Lets-Talk-Scheduling-2025-6.png","width":200,"height":200},{"@type":"BreadcrumbList","@id":"https:\/\/evenementbl.com\/produit\/forfait-conference-formation\/#breadcrumb","itemListElement":[{"@type":"ListItem","position":1,"name":"Accueil","item":"https:\/\/evenementbl.com\/en\/"},{"@type":"ListItem","position":2,"name":"Boutique","item":"https:\/\/evenementbl.com\/boutique\/"},{"@type":"ListItem","position":3,"name":"Forfait conf\u00e9rence + formation"}]},{"@type":"WebSite","@id":"https:\/\/evenementbl.com\/#website","url":"https:\/\/evenementbl.com\/","name":"&Eacute;v&eacute;nements Berger-Levrault","description":"&Eacute;v&eacute;nements Berger-Levrault","publisher":{"@id":"https:\/\/evenementbl.com\/#organization"},"potentialAction":[{"@type":"SearchAction","target":{"@type":"EntryPoint","urlTemplate":"https:\/\/evenementbl.com\/?s={search_term_string}"},"query-input":{"@type":"PropertyValueSpecification","valueRequired":true,"valueName":"search_term_string"}}],"inLanguage":"en-US"},{"@type":"Organization","@id":"https:\/\/evenementbl.com\/#organization","name":"&Eacute;v&eacute;nements Berger-Levrault","url":"https:\/\/evenementbl.com\/","logo":{"@type":"ImageObject","inLanguage":"en-US","@id":"https:\/\/evenementbl.com\/#\/schema\/logo\/image\/","url":"https:\/\/evenementbl.com\/wp-content\/uploads\/2020\/01\/BL_logo.png","contentUrl":"https:\/\/evenementbl.com\/wp-content\/uploads\/2020\/01\/BL_logo.png","width":152,"height":51,"caption":"&Eacute;v&eacute;nements Berger-Levrault"},"image":{"@id":"https:\/\/evenementbl.com\/#\/schema\/logo\/image\/"}}]}},"_links":{"self":[{"href":"https:\/\/evenementbl.com\/en\/wp-json\/wp\/v2\/product\/8808","targetHints":{"allow":["GET"]}}],"collection":[{"href":"https:\/\/evenementbl.com\/en\/wp-json\/wp\/v2\/product"}],"about":[{"href":"https:\/\/evenementbl.com\/en\/wp-json\/wp\/v2\/types\/product"}],"author":[{"embeddable":true,"href":"https:\/\/evenementbl.com\/en\/wp-json\/wp\/v2\/users\/1017"}],"replies":[{"embeddable":true,"href":"https:\/\/evenementbl.com\/en\/wp-json\/wp\/v2\/comments?post=8808"}],"wp:featuredmedia":[{"embeddable":true,"href":"https:\/\/evenementbl.com\/en\/wp-json\/wp\/v2\/media\/8777"}],"wp:attachment":[{"href":"https:\/\/evenementbl.com\/en\/wp-json\/wp\/v2\/media?parent=8808"}],"wp:term":[{"taxonomy":"product_brand","embeddable":true,"href":"https:\/\/evenementbl.com\/en\/wp-json\/wp\/v2\/product_brand?post=8808"},{"taxonomy":"product_cat","embeddable":true,"href":"https:\/\/evenementbl.com\/en\/wp-json\/wp\/v2\/product_cat?post=8808"},{"taxonomy":"product_tag","embeddable":true,"href":"https:\/\/evenementbl.com\/en\/wp-json\/wp\/v2\/product_tag?post=8808"}],"curies":[{"name":"wp","href":"https:\/\/api.w.org\/{rel}","templated":true}]}}