{"id":8807,"date":"2025-03-03T14:25:44","date_gmt":"2025-03-03T19:25:44","guid":{"rendered":"https:\/\/evenementbl.com\/produit\/forfait-formation\/"},"modified":"2025-08-22T00:00:04","modified_gmt":"2025-08-22T04:00:04","slug":"forfait-formation","status":"publish","type":"product","link":"https:\/\/evenementbl.com\/en\/produit\/forfait-formation\/","title":{"rendered":"Forfait formation"},"content":{"rendered":"<p>Ce billet offre un acc\u00e8s exclusif aux sessions de formation du 30 septembre 2025. Il ne permet pas d\u2019acc\u00e9der aux sessions principales de la conf\u00e9rence du 1er au 3 octobre, ni aux autres \u00e9v\u00e9nements de la conf\u00e9rence.<\/p>\n","protected":false},"excerpt":{"rendered":"<p>Ce billet offre un acc&egrave;s exclusif aux sessions de formation du 30 septembre 2025. Il ne permet pas d&rsquo;acc&eacute;der aux sessions principales de la conf&eacute;rence du 1er au 3 octobre, ni aux autres &eacute;v&eacute;nements de la conf&eacute;rence.<\/p>\n","protected":false},"author":1017,"featured_media":8777,"comment_status":"open","ping_status":"closed","template":"","meta":[],"product_brand":[],"product_cat":[278,212,200],"product_tag":[],"class_list":{"0":"post-8807","1":"product","2":"type-product","3":"status-publish","4":"has-post-thumbnail","6":"product_cat-formulaire-formation","7":"product_cat-max-130-places","8":"product_cat-payfacto-infosilem","10":"entry","11":"has-media","13":"first","14":"instock","15":"virtual","16":"taxable","17":"purchasable","18":"product-type-event_ticket","19":"has-product-nav","20":"col","21":"span_1_of_3","22":"owp-content-center","23":"owp-thumbs-layout-horizontal","24":"owp-btn-normal","25":"owp-tabs-layout-horizontal","26":"has-no-thumbnails","27":"circle-sale"},"_links":{"self":[{"href":"https:\/\/evenementbl.com\/en\/wp-json\/wp\/v2\/product\/8807","targetHints":{"allow":["GET"]}}],"collection":[{"href":"https:\/\/evenementbl.com\/en\/wp-json\/wp\/v2\/product"}],"about":[{"href":"https:\/\/evenementbl.com\/en\/wp-json\/wp\/v2\/types\/product"}],"author":[{"embeddable":true,"href":"https:\/\/evenementbl.com\/en\/wp-json\/wp\/v2\/users\/1017"}],"replies":[{"embeddable":true,"href":"https:\/\/evenementbl.com\/en\/wp-json\/wp\/v2\/comments?post=8807"}],"wp:featuredmedia":[{"embeddable":true,"href":"https:\/\/evenementbl.com\/en\/wp-json\/wp\/v2\/media\/8777"}],"wp:attachment":[{"href":"https:\/\/evenementbl.com\/en\/wp-json\/wp\/v2\/media?parent=8807"}],"wp:term":[{"taxonomy":"product_brand","embeddable":true,"href":"https:\/\/evenementbl.com\/en\/wp-json\/wp\/v2\/product_brand?post=8807"},{"taxonomy":"product_cat","embeddable":true,"href":"https:\/\/evenementbl.com\/en\/wp-json\/wp\/v2\/product_cat?post=8807"},{"taxonomy":"product_tag","embeddable":true,"href":"https:\/\/evenementbl.com\/en\/wp-json\/wp\/v2\/product_tag?post=8807"}],"curies":[{"name":"wp","href":"https:\/\/api.w.org\/{rel}","templated":true}]}}