{"id":8750,"date":"2024-12-09T14:46:03","date_gmt":"2024-12-09T19:46:03","guid":{"rendered":"https:\/\/evenementbl.com\/produit\/billet-dinscription-x1\/"},"modified":"2025-10-20T15:15:16","modified_gmt":"2025-10-20T19:15:16","slug":"billet-dinscription-x1","status":"publish","type":"product","link":"https:\/\/evenementbl.com\/en\/produit\/billet-dinscription-x1\/","title":{"rendered":"Billet d\u2019inscription"},"content":{"rendered":"<p>Ce billet d&#8217;inscription inclut l&#8217;acc\u00e8s \u00e0 toutes les activit\u00e9s de la journ\u00e9e du Comit\u00e9 utilisateurs COBA 2025.<\/p>\n","protected":false},"excerpt":{"rendered":"<p>Ce billet d&rsquo;inscription inclut l&rsquo;acc&egrave;s &agrave; toutes les activit&eacute;s de la journ&eacute;e du Comit&eacute; utilisateurs COBA 2025.<\/p>\n","protected":false},"author":1017,"featured_media":8837,"comment_status":"open","ping_status":"closed","template":"","meta":[],"product_brand":[],"product_cat":[15,201,275],"product_tag":[],"class_list":{"0":"post-8750","1":"product","2":"type-product","3":"status-publish","4":"has-post-thumbnail","6":"product_cat-evenement","7":"product_cat-payfacto-blc","8":"product_cat-questions-dinscription","10":"entry","11":"has-media","13":"first","14":"instock","15":"virtual","16":"taxable","17":"purchasable","18":"product-type-event_ticket","19":"has-product-nav","20":"col","21":"span_1_of_3","22":"owp-content-center","23":"owp-thumbs-layout-horizontal","24":"owp-btn-normal","25":"owp-tabs-layout-horizontal","26":"has-no-thumbnails","27":"circle-sale"},"_links":{"self":[{"href":"https:\/\/evenementbl.com\/en\/wp-json\/wp\/v2\/product\/8750","targetHints":{"allow":["GET"]}}],"collection":[{"href":"https:\/\/evenementbl.com\/en\/wp-json\/wp\/v2\/product"}],"about":[{"href":"https:\/\/evenementbl.com\/en\/wp-json\/wp\/v2\/types\/product"}],"author":[{"embeddable":true,"href":"https:\/\/evenementbl.com\/en\/wp-json\/wp\/v2\/users\/1017"}],"replies":[{"embeddable":true,"href":"https:\/\/evenementbl.com\/en\/wp-json\/wp\/v2\/comments?post=8750"}],"wp:featuredmedia":[{"embeddable":true,"href":"https:\/\/evenementbl.com\/en\/wp-json\/wp\/v2\/media\/8837"}],"wp:attachment":[{"href":"https:\/\/evenementbl.com\/en\/wp-json\/wp\/v2\/media?parent=8750"}],"wp:term":[{"taxonomy":"product_brand","embeddable":true,"href":"https:\/\/evenementbl.com\/en\/wp-json\/wp\/v2\/product_brand?post=8750"},{"taxonomy":"product_cat","embeddable":true,"href":"https:\/\/evenementbl.com\/en\/wp-json\/wp\/v2\/product_cat?post=8750"},{"taxonomy":"product_tag","embeddable":true,"href":"https:\/\/evenementbl.com\/en\/wp-json\/wp\/v2\/product_tag?post=8750"}],"curies":[{"name":"wp","href":"https:\/\/api.w.org\/{rel}","templated":true}]}}